{"id":595,"date":"2020-11-28T11:05:46","date_gmt":"2020-11-28T08:05:46","guid":{"rendered":"http:\/\/www.ateshukuk.com\/?page_id=595"},"modified":"2020-11-28T11:07:17","modified_gmt":"2020-11-28T08:07:17","slug":"aydinlatma-metni","status":"publish","type":"page","link":"http:\/\/www.ateshukuk.com\/ar\/aydinlatma-metni\/","title":{"rendered":"\u0648\u0641\u0647\u0645\u062a \u0646\u0635 \u0627\u0644\u062a\u0648\u0636\u064a\u062d \u0641\u064a\u0645\u0627 \u064a\u062a\u0639\u0644\u0642"},"content":{"rendered":"<p class=\"font_8\">K\u0130\u015e\u0130SEL VER\u0130LER\u0130N \u0130\u015eLENMES\u0130 &amp; KORUNMASI HAKKINDA AYDINLATMA METN\u0130<\/p>\n<p class=\"font_8\">Ama\u00e7<\/p>\n<p class=\"font_8\">\u0130\u015fbu Ki\u015fisel Verilerin \u0130\u015flenmesi ve Korunmas\u0131 Hakk\u0131nda Ayd\u0131nlatma \u00a0Metni (\u201cAyd\u0131nlatma Metni\u201d) 6698 say\u0131l\u0131 Ki\u015fisel Verilerin Korunmas\u0131 Kanunu (\u201cKVKK\u201d) gere\u011fince,\u00a0 Ate\u015f Hukuk B\u00fcrosu (veya \u201c\u015eirket\u201d) olarak Veri Sorumlusu s\u0131fat\u0131yla sizlere sundu\u011fu ve sunaca\u011f\u0131 hizmetlere ili\u015fkin ki\u015fisel veriler toplad\u0131\u011f\u0131n\u0131 ve i\u015fledi\u011fini, bu \u00e7er\u00e7evede ne t\u00fcr veriler topland\u0131\u011f\u0131n\u0131, bu ki\u015fisel verilerin nas\u0131l kullan\u0131ld\u0131\u011f\u0131n\u0131, \u015eirketimizin i\u015fledi\u011fi ki\u015fisel verileriniz \u00fczerindeki haklar\u0131n\u0131z\u0131n neler oldu\u011funu ve bu haklar\u0131 nas\u0131l kullanabilece\u011finizi a\u00e7\u0131klamaktad\u0131r.<\/p>\n<p class=\"font_8\">Ki\u015fisel Verilerin Toplanmas\u0131 ve \u0130\u015flenme Ama\u00e7lar\u0131<\/p>\n<p class=\"font_8\">Sizlerin kendi a\u00e7\u0131k r\u0131zan\u0131z ile payla\u015fm\u0131\u015f oldu\u011funuz ki\u015fisel verilerin kapsam\u0131 a\u015fa\u011f\u0131da say\u0131lanlar ile s\u0131n\u0131rl\u0131 olmamakla birlikte; ad, soyad, do\u011fum tarihi, kimlik bilgileri, cep telefonu numaras\u0131, e-posta, cinsiyet, adres, meslek, e\u011fitim gibi verilerden olu\u015fmaktad\u0131r. Ki\u015fisel verileriniz, \u015eirketimiz taraf\u0131ndan verilen hizmet, \u00fcr\u00fcn ya da ticari faaliyete ba\u011fl\u0131 olarak de\u011fi\u015fkenlik g\u00f6sterebilmekle; otomatik ya da herhangi bir veri kay\u0131t sisteminin par\u00e7as\u0131 olmak kayd\u0131yla otomatik olmayan y\u00f6ntemlerle, ofisler, \u015fubeler, bayiler, \u015eirketimizin insan kaynaklar\u0131 departman\u0131, internet sitesi ve benzeri vas\u0131talarla s\u00f6zl\u00fc, yaz\u0131l\u0131 ya da elektronik olarak toplanabilecektir ve i\u015flenebilecektir. Ayr\u0131ca, ki\u015fisel verileriniz \u015eirketimizin internet sitesi \u00fczerinden doldurulaca\u011f\u0131n\u0131z talep ve kay\u0131t formlar\u0131 ile online anketler arac\u0131l\u0131\u011f\u0131 ile de toplanabilecek ve i\u015flenebilecektir. \u015eirketimizin \u00fcr\u00fcn ve hizmetlerinden yararland\u0131\u011f\u0131n\u0131z m\u00fcddet\u00e7e olu\u015fturularak ve g\u00fcncellenerek ki\u015fisel verileriniz i\u015flenebilecektir. Yukar\u0131da bahsi ge\u00e7en ki\u015fisel verileriniz, \u015firket i\u00e7erisinde gerekli operasyonel faaliyetlerin y\u00fcr\u00fct\u00fclmesi, siz m\u00fc\u015fterilerimize t\u00fcketim ve al\u0131m kriterlerinize uygun \u00fcr\u00fcn ve hizmetlerin \u00f6nerilebilmesi i\u00e7in gerekli \u00e7al\u0131\u015fmalar\u0131n ilgili i\u015f birimi ve i\u015f ortaklar\u0131 ile yap\u0131lmas\u0131, sunulan \u00fcr\u00fcn ve hizmetlerin sizin be\u011feni, kullan\u0131m al\u0131\u015fkanl\u0131klar\u0131 ve ihtiya\u00e7lar\u0131n\u0131za g\u00f6re \u00f6zelle\u015ftirilmesi, pazar ara\u015ft\u0131rmas\u0131 anketlerinin y\u00fcr\u00fct\u00fclmesi, m\u00fc\u015fteri portf\u00f6y\u00fcm\u00fcz\u00fc ve web sitesi ziyaret\u00e7ilerimizi analiz edilebilmesi ve ar\u015fivlenmesi, \u015eirket \u00e7al\u0131\u015fanlar\u0131 i\u00e7in i\u015f akdi ve\/veya mevzuattan kaynakl\u0131 y\u00fck\u00fcml\u00fcl\u00fcklerin yerine getirilmesi, insan kayna\u011f\u0131 y\u00f6netiminin \u015eirketimiz taraf\u0131ndan sa\u011flanarak ger\u00e7ek ki\u015filerin haklar\u0131n\u0131n temini, personelimizin \u00f6zl\u00fck i\u015flemlerinin yap\u0131lmas\u0131 ve \u00fccretlerinin \u00f6denebilmesi, i\u015f ba\u015fvurular\u0131n\u0131 de\u011ferlendirebilmesi,\u00a0 i\u015f ili\u015fkisi kurdu\u011fumuz ger\u00e7ek ki\u015filerin ve \u015eirketimizin bu ili\u015fkilerden kaynakl\u0131 hukuki emniyetinin sa\u011flanmas\u0131, yetkili ki\u015fi ve\/veya kurulu\u015flara mevzuattan kaynakl\u0131 bilgi verilmesi, verileri do\u011fru ve g\u00fcncel olmas\u0131n\u0131n sa\u011flanmas\u0131 ama\u00e7lar\u0131yla KVKK\u2019nin 5 ve 6. maddeleri uyar\u0131nca i\u015flenmektedir. Ayr\u0131ca Ki\u015fisel Verileriniz, KVKK\u2019nin 5. maddesinde belirtildi\u011fi hallerde Veri Sorumlusu s\u0131fat\u0131yla \u015eirketimiz taraf\u0131ndan a\u00e7\u0131k r\u0131zan\u0131z aranmaks\u0131z\u0131n i\u015flenebilecektir.<\/p>\n<p class=\"font_8\">Ki\u015fisel Verilerin Aktar\u0131lmas\u0131<\/p>\n<p class=\"font_8\">Ki\u015fisel verileriniz, yukar\u0131da belirtilen veri i\u015fleme ama\u00e7lar\u0131n\u0131 ger\u00e7ekle\u015ftirmek \u00fczere, \u015eirketimiz ile ba\u011fl\u0131 olan ortaklar\u0131m\u0131za, grup \u015firketlerimize, tedarik\u00e7ilerimize, hissedarlar\u0131m\u0131za, kanunen yetkili kamu kurumlar\u0131 ve \u00f6zel ki\u015filere KVKK madde 8 ve 9\u2019da belirtilen ki\u015fisel verileri i\u015fleme \u015fartlar\u0131 ve ama\u00e7lar\u0131 \u00e7er\u00e7evesinde aktar\u0131labilecektir.<\/p>\n<p class=\"font_8\">Veri Sahibi Olan \u0130lgili Ki\u015filerin Haklar\u0131<\/p>\n<p class=\"font_8\">KVKK madde 11 uyar\u0131nca ki\u015fisel verilerin sahibi olan ki\u015filerin haklar\u0131 a\u015fa\u011f\u0131da belirtilen \u015fekildedir;<\/p>\n<ul class=\"font_8\">\n<li>\n<p class=\"font_8\">Sahip oldu\u011funuz ki\u015fisel verilerin i\u015flenip i\u015flenmedi\u011fini \u00f6\u011frenme hakk\u0131,<\/p>\n<\/li>\n<li>\n<p class=\"font_8\">Ki\u015fisel verilerinizin i\u015flenme ihtimalinde buna ili\u015fkin bilgi talep etme hakk\u0131,<\/p>\n<\/li>\n<li>\n<p class=\"font_8\">Ki\u015fisel verilerin i\u015flenme amac\u0131n\u0131 ve bunlar\u0131n amac\u0131na uygun kullan\u0131l\u0131p kullan\u0131lmad\u0131\u011f\u0131n\u0131 \u00f6\u011frenme hakk\u0131,<\/p>\n<\/li>\n<li>\n<p class=\"font_8\">Yurt i\u00e7inde veya yurt d\u0131\u015f\u0131nda ki\u015fisel verilerin aktar\u0131ld\u0131\u011f\u0131 \u00fc\u00e7\u00fcnc\u00fc ki\u015fileri bilme hakk\u0131,<\/p>\n<\/li>\n<li>\n<p class=\"font_8\">Ki\u015fisel verilerin eksik veya yanl\u0131\u015f i\u015flenmi\u015f olmas\u0131 h\u00e2linde bunlar\u0131n d\u00fczeltilmesini isteme ve bu kapsamda yap\u0131lan i\u015flemin ki\u015fisel verilerin aktar\u0131ld\u0131\u011f\u0131 \u00fc\u00e7\u00fcnc\u00fc ki\u015filere bildirilmesini isteme<\/p>\n<\/li>\n<li>\n<p class=\"font_8\">KVKK\u2019nun 7\u2019inci maddesinde belirtildi\u011fi \u00fczere, KVKK\u2019na ve ilgili di\u011fer kanun h\u00fck\u00fcmlerine uygun olarak i\u015flenmi\u015f olmas\u0131na ra\u011fmen, i\u015flenmesini gerektiren sebeplerin ortadan kalkmas\u0131 h\u00e2linde ki\u015fisel verilerin silinmesini veya yok edilmesini isteme ve bu kapsamda yap\u0131lan i\u015flemin ki\u015fisel verilerin aktar\u0131ld\u0131\u011f\u0131 \u00fc\u00e7\u00fcnc\u00fc ki\u015filere bildirilmesini isteme hakk\u0131,<\/p>\n<\/li>\n<li>\n<p class=\"font_8\">(d) ve (e) bentleri uyar\u0131nca yap\u0131lan i\u015flemlerin ki\u015fisel verilerin aktar\u0131ld\u0131\u011f\u0131 \u00fc\u00e7\u00fcnc\u00fc ki\u015filere bildirilmesini isteme,<\/p>\n<\/li>\n<li>\n<p class=\"font_8\">\u0130\u015flenen verilerin m\u00fcnhas\u0131ran otomatik sistemler vas\u0131tas\u0131yla analiz edilmesi suretiyle ki\u015finin kendisi aleyhine bir sonucun ortaya \u00e7\u0131kmas\u0131na itiraz etme hakk\u0131,<\/p>\n<\/li>\n<li>\n<p class=\"font_8\">Ki\u015fisel verilerin kanuna ayk\u0131r\u0131 olarak i\u015flenmesi sebebiyle zarara u\u011framas\u0131 h\u00e2linde zarar\u0131n giderilmesini talep etme hakk\u0131.<\/p>\n<\/li>\n<\/ul>\n<p class=\"font_8\">KVKK kapsam\u0131ndaki haklar\u0131n\u0131z\u0131 yaz\u0131l\u0131 olarak kullanman\u0131z gerekmekte olup, i\u015fbu haklar\u0131n\u0131z\u0131 internet sitemizde ( bulunan Ki\u015fisel Verilerin Korunmas\u0131 b\u00f6l\u00fcm\u00fc alt\u0131ndaki Ba\u015fvuru Formu arac\u0131l\u0131\u011f\u0131 ile kullanabilirsiniz. Bu kapsamda yapaca\u011f\u0131n\u0131z ba\u015fvurular m\u00fcmk\u00fcn olan en k\u0131sa zaman diliminde ve en \u00e7ok otuz (30) g\u00fcn i\u00e7erisinde sonu\u00e7land\u0131r\u0131lacakt\u0131r.<\/p>","protected":false},"excerpt":{"rendered":"<p>K\u0130\u015e\u0130SEL VER\u0130LER\u0130N \u0130\u015eLENMES\u0130 &amp; KORUNMASI HAKKINDA AYDINLATMA METN\u0130 Ama\u00e7 \u0130\u015fbu Ki\u015fisel Verilerin \u0130\u015flenmesi ve Korunmas\u0131 Hakk\u0131nda Ayd\u0131nlatma \u00a0Metni (\u201cAyd\u0131nlatma Metni\u201d) 6698 say\u0131l\u0131 Ki\u015fisel Verilerin Korunmas\u0131 Kanunu (\u201cKVKK\u201d) gere\u011fince,\u00a0 Ate\u015f Hukuk B\u00fcrosu (veya \u201c\u015eirket\u201d) olarak Veri Sorumlusu s\u0131fat\u0131yla sizlere sundu\u011fu ve sunaca\u011f\u0131 hizmetlere ili\u015fkin ki\u015fisel veriler toplad\u0131\u011f\u0131n\u0131 ve i\u015fledi\u011fini, bu \u00e7er\u00e7evede ne t\u00fcr veriler topland\u0131\u011f\u0131n\u0131, bu ki\u015fisel verilerin nas\u0131l kullan\u0131ld\u0131\u011f\u0131n\u0131, \u015eirketimizin&#8230;<\/p>","protected":false},"author":1,"featured_media":0,"parent":0,"menu_order":2,"comment_status":"closed","ping_status":"closed","template":"","meta":[],"_links":{"self":[{"href":"http:\/\/www.ateshukuk.com\/ar\/wp-json\/wp\/v2\/pages\/595"}],"collection":[{"href":"http:\/\/www.ateshukuk.com\/ar\/wp-json\/wp\/v2\/pages"}],"about":[{"href":"http:\/\/www.ateshukuk.com\/ar\/wp-json\/wp\/v2\/types\/page"}],"author":[{"embeddable":true,"href":"http:\/\/www.ateshukuk.com\/ar\/wp-json\/wp\/v2\/users\/1"}],"replies":[{"embeddable":true,"href":"http:\/\/www.ateshukuk.com\/ar\/wp-json\/wp\/v2\/comments?post=595"}],"version-history":[{"count":2,"href":"http:\/\/www.ateshukuk.com\/ar\/wp-json\/wp\/v2\/pages\/595\/revisions"}],"predecessor-version":[{"id":598,"href":"http:\/\/www.ateshukuk.com\/ar\/wp-json\/wp\/v2\/pages\/595\/revisions\/598"}],"wp:attachment":[{"href":"http:\/\/www.ateshukuk.com\/ar\/wp-json\/wp\/v2\/media?parent=595"}],"curies":[{"name":"wp","href":"https:\/\/api.w.org\/{rel}","templated":true}]}}