{"id":130,"date":"2017-09-28T14:30:33","date_gmt":"2017-09-28T14:30:33","guid":{"rendered":"https:\/\/matchthemes.com\/demowp\/civillaw\/?page_id=130"},"modified":"2021-06-09T00:06:36","modified_gmt":"2021-06-08T21:06:36","slug":"iletisim","status":"publish","type":"page","link":"http:\/\/www.ateshukuk.com\/ar\/iletisim\/","title":{"rendered":"\u0627\u062a\u0635\u0644 \u0628\u0646\u0627"},"content":{"rendered":"<p><iframe loading=\"lazy\" style=\"border: 0;\" src=\"https:\/\/www.google.com\/maps\/embed?pb=!1m18!1m12!1m3!1d3006.2004589683484!2d29.012883915354895!3d41.10831292121198!2m3!1f0!2f0!3f0!3m2!1i1024!2i768!4f13.1!3m3!1m2!1s0x14cab5c438a443a3%3A0x3b0317bad9aa9c83!2sGiz%202000%20Plaza!5e0!3m2!1str!2str!4v1623185767718!5m2!1str!2str\" width=\"100%\" height=\"300\" allowfullscreen=\"allowfullscreen\"><span data-mce-type=\"bookmark\" style=\"display: inline-block; width: 0px; overflow: hidden; line-height: 0;\" class=\"mce_SELRES_start\"><\/span><\/iframe><\/p>\n<div class=\"row\">\n<div class=\"col-md-6\">\n<h5 class=\"widgettitle\" style=\"color: #fc6e27;\"><i class=\"fa fa-envelope-o\"><\/i> \u0627\u0644\u0639\u0646\u0648\u0627\u0646<\/h5>\n<p>Maslak Mahallesi Eski B\u00fcy\u00fckdere Caddesi Giz 2000 Plaza<br \/>\nNo: 7 D: 15-16 Sar\u0131yer\/\u0130stanbul<\/p>\n<\/div>\n<div class=\"col-md-6\" \"center\">\n<h5 class=\"widgettitle\" style=\"color: #fc6e27;\"><i class=\"fa fa-envelope-o\"><\/i> \u0627\u062a\u0635\u0644 \u0628\u0646\u0627<\/h5>\n<p>\u0627\u0644\u0647\u0627\u062a\u0641: 02123279990<br \/>\n\u0627\u0644\u0625\u064a\u0645\u064a\u0644:info@ateshukuk.com<\/p>\n<\/div>\n<p>&nbsp;<\/p>\n<\/div>\n<p>&nbsp;<\/p>\n<h4 class=\"alignc\">\u0646\u0645\u0648\u0630\u062c \u0627\u0644\u0625\u062a\u0635\u0627\u0644<\/h4>\n<div role=\"form\" class=\"wpcf7\" id=\"wpcf7-f8-o1\" lang=\"en-US\" dir=\"ltr\">\n<div class=\"screen-reader-response\"><p role=\"status\" aria-live=\"polite\" aria-atomic=\"true\"><\/p> <ul><\/ul><\/div>\n<form action=\"\/ar\/wp-json\/wp\/v2\/pages\/130#wpcf7-f8-o1\" method=\"post\" class=\"wpcf7-form init\" novalidate=\"novalidate\" data-status=\"init\" data-trp-original-action=\"\/ar\/wp-json\/wp\/v2\/pages\/130#wpcf7-f8-o1\">\n<div style=\"display: none;\">\n<input type=\"hidden\" name=\"_wpcf7\" value=\"8\" \/>\n<input type=\"hidden\" name=\"_wpcf7_version\" value=\"5.4.1\" \/>\n<input type=\"hidden\" name=\"_wpcf7_locale\" value=\"en_US\" \/>\n<input type=\"hidden\" name=\"_wpcf7_unit_tag\" value=\"wpcf7-f8-o1\" \/>\n<input type=\"hidden\" name=\"_wpcf7_container_post\" value=\"0\" \/>\n<input type=\"hidden\" name=\"_wpcf7_posted_data_hash\" value=\"\" \/>\n<\/div>\n<div class=\"row\">\n<div class=\"col-sm-4\">\t<span class=\"wpcf7-form-control-wrap your-name\"><input type=\"text\" name=\"your-name\" value=\"\" size=\"40\" class=\"wpcf7-form-control wpcf7-text wpcf7-validates-as-required comm-field\" aria-required=\"true\" aria-invalid=\"false\" placeholder=\"\u0627\u0644\u0627\u0633\u0645 \u0648\u0627\u0644\u0644\u0642\u0628\" \/><\/span> <\/div>\n<div class=\"col-sm-4\"> <span class=\"wpcf7-form-control-wrap your-email\"><input type=\"email\" name=\"your-email\" value=\"\" size=\"40\" class=\"wpcf7-form-control wpcf7-text wpcf7-email wpcf7-validates-as-required wpcf7-validates-as-email comm-field\" aria-required=\"true\" aria-invalid=\"false\" placeholder=\"\u0639\u0646\u0648\u0627\u0646 \u0627\u0644\u0628\u0631\u064a\u062f \u0627\u0644\u0625\u0644\u0643\u062a\u0631\u0648\u0646\u064a\" \/><\/span> <\/div>\n<div class=\"col-sm-4\">\t<span class=\"wpcf7-form-control-wrap your-subject\"><input type=\"text\" name=\"your-subject\" value=\"\" size=\"40\" class=\"wpcf7-form-control wpcf7-text wpcf7-validates-as-required comm-field\" aria-required=\"true\" aria-invalid=\"false\" placeholder=\"\u0627\u0644\u0645\u0648\u0636\u0648\u0639\" \/><\/span> <\/div>\n<\/div>\n<p><span class=\"wpcf7-form-control-wrap your-message\"><textarea name=\"your-message\" cols=\"40\" rows=\"5\" class=\"wpcf7-form-control wpcf7-textarea wpcf7-validates-as-required\" id=\"msg-contact\" aria-required=\"true\" aria-invalid=\"false\" placeholder=\"\u0631\u0633\u0627\u0644\u062a\u0643\u0645\"><\/textarea><\/span><\/p>\n<p class=\"contact-btn\"><input type=\"submit\" value=\"\u0623\u0631\u0633\u0644 \u0627\u0644\u0631\u0633\u0627\u0644\u0629\" class=\"wpcf7-form-control wpcf7-submit\" id=\"submit-contact\" \/><\/p>\n<div class=\"wpcf7-response-output\" aria-hidden=\"true\"><\/div><input type=\"hidden\" name=\"trp-form-language\" value=\"ar\"\/><\/form><\/div>","protected":false},"excerpt":{"rendered":"<p> ADRES Maslak Mahallesi Eski B\u00fcy\u00fckdere Caddesi Giz 2000 Plaza No: 7 D: 15-16 Sar\u0131yer\/\u0130stanbul \u0130LET\u0130\u015e\u0130M Telefon: 0212 327 9 990 email: info@ateshukuk.com &nbsp; &nbsp; \u0130leti\u015fim Formu<\/p>","protected":false},"author":2,"featured_media":0,"parent":0,"menu_order":18,"comment_status":"closed","ping_status":"closed","template":"my-templates\/template-fullwidth.php","meta":[],"_links":{"self":[{"href":"http:\/\/www.ateshukuk.com\/ar\/wp-json\/wp\/v2\/pages\/130"}],"collection":[{"href":"http:\/\/www.ateshukuk.com\/ar\/wp-json\/wp\/v2\/pages"}],"about":[{"href":"http:\/\/www.ateshukuk.com\/ar\/wp-json\/wp\/v2\/types\/page"}],"author":[{"embeddable":true,"href":"http:\/\/www.ateshukuk.com\/ar\/wp-json\/wp\/v2\/users\/2"}],"replies":[{"embeddable":true,"href":"http:\/\/www.ateshukuk.com\/ar\/wp-json\/wp\/v2\/comments?post=130"}],"version-history":[{"count":47,"href":"http:\/\/www.ateshukuk.com\/ar\/wp-json\/wp\/v2\/pages\/130\/revisions"}],"predecessor-version":[{"id":748,"href":"http:\/\/www.ateshukuk.com\/ar\/wp-json\/wp\/v2\/pages\/130\/revisions\/748"}],"wp:attachment":[{"href":"http:\/\/www.ateshukuk.com\/ar\/wp-json\/wp\/v2\/media?parent=130"}],"curies":[{"name":"wp","href":"https:\/\/api.w.org\/{rel}","templated":true}]}}